{"id":9,"date":"2019-08-05T19:06:53","date_gmt":"2019-08-05T19:06:53","guid":{"rendered":"http:\/\/mardenvlif1dev.wpenginepowered.com\/?page_id=9"},"modified":"2026-01-22T14:23:27","modified_gmt":"2026-01-22T14:23:27","slug":"home","status":"publish","type":"page","link":"http:\/\/www.lifemdsettlement.com\/es\/","title":{"rendered":"Homepage &#8211; Bottom"},"content":{"rendered":"<p style=\"text-align: justify;\"><span style=\"color: #ff0000;\"><strong>UPDATE:<\/strong><\/span><strong>\u00a0<\/strong>On September 30, 2025, the Court entered an <a href=\"https:\/\/www.lifemdsettlement.com\/wp-content\/uploads\/2025\/10\/Marden-v.-LifeMD-Order-Granting-Final-Approval.pdf\" target=\"_blank\" rel=\"noopener\"><strong>Order Granting Final Approval of Class Action Settlement<\/strong><\/a> approving the Class Action Settlement, Attorneys\u2019 Fees, Expenses, and Service Awards. Distribution of benefits to timely, valid claimants began on January 21, 2026. If you have questions, please contact the Settlement Administrator at <a href=\"mailto:info@LifeMDSettlement.com\">info@LifeMDSettlement.com<\/a>.<\/p>\n<h2>Informaci\u00f3n del Acuerdo<\/h2>\n<p style=\"text-align: justify;\">Se ha propuesto un acuerdo para poner fin a una demanda colectiva contra LifeMD, Inc., conocida \ncomercialmente como REX MD (en adelante la \u201cDemandada\u201d o \u201cLifeMD\u201d o \u201cRexMD\u201d). En la \ndemanda se alega que la Demandada instal\u00f3 tecnolog\u00edas de rastreo, entre ellas p\u00edxeles (\u201cHerramientas de Rastreo\u201d) en sus sitios web, incluidos, entre otros, <a href=\"https:\/\/rexmd.com\/\" target=\"_blank\" rel=\"noopener\">https:\/\/rexmd.com\/<\/a> y <a href=\"https:\/\/lifemd.com\/\" target=\"_blank\" rel=\"noopener\">https:\/\/lifemd.com\/<\/a> (\u201cSitios Web\u201d) y que dichas Herramientas de Rastreo potencialmente divulgaron informaci\u00f3n m\u00e9dica que permite la identificaci\u00f3n personal (\u201cIIHI\u201d, por sus siglas en ingl\u00e9s) e informaci\u00f3n m\u00e9dica protegida (\u201cPHI\u201d, por sus siglas en ingl\u00e9s) (en adelante denominadas de forma conjunta \u201cInformaci\u00f3n Privada\u201d) de visitantes y usuarios (\u201cMiembros del Colectivo\u201d) de sus Sitios Web a terceros no autorizados \nincluidos, entre otros, Meta Platforms, Inc., conocida comercialmente como Meta (en el presente denominada \u201cFacebook\u201d), Google LLC y TikTok Inc. Aunque LifeMD niega los hechos alegados, las partes de la demanda han convenido en llegar a un acuerdo de conciliaci\u00f3n para resolver los reclamos \nde un Colectivo del Acuerdo.<\/p>\n<h2>\u00bfQui\u00e9n es Miembro del Colectivo?<\/h2>\n<p style=\"text-align: justify;\">Todas las personas residentes en los Estados Unidos que sean o hayan sido miembros de LifeMD o RexMD o que hayan encargado o comprado productos de LifeMD o RexMD hasta la fecha de entrada en vigencia de este Acuerdo de Conciliaci\u00f3n y cuya Informaci\u00f3n Privada fue presuntamente divulgada a un tercero a trav\u00e9s del uso de Herramientas de Rastreo en los Sitios Web de la Demandada.<\/p>\n<h2>Sus derechos y opciones legales<\/h2>\n<div class=\"su-table su-table-responsive su-table-alternate\">\n<table>\n<tbody>\n<tr>\n<td>\n<h3>Opciones y plazo<\/h3>\n<\/td>\n<td>\n<h3>Sus derechos legales<\/h3>\n<\/td>\n<\/tr>\n<tr>\n<td style=\"text-align: justify\">\n<h4 style=\"text-align: left\"><strong><span style=\"font-size: 16px\">Presentar un Formulario de Reclamo<\/span><\/strong><\/h4>\n<p style=\"text-align: left\"><span style=\"color: #ff0000\">deadline passed<\/span><\/p>\n<\/td>\n<td>\n<p style=\"text-align: justify\">Si presenta un Formulario de Reclamo a m\u00e1s tardar el <strong>22 de Septiembre de 2025<\/strong>, usted <strong>podr\u00e1<\/strong> recibir un pago en efectivo de $10.00 <strong><u>or<\/u><\/strong> un vale de $25.00 para servicios o productos de la Demandada seg\u00fan se detalla en la <a href=\"https:\/\/www.lifemdsettlement.com\/es\/faqs\/#Q7\" target=\"_blank\" rel=\"noopener\">Repuesta Nro. 7<\/a>.<\/p>\n<p style=\"text-align: justify\">Debe presentar un Formulario de Reclamo en tiempo oportuno, ya sea por correo postal de los EE. UU. o en l\u00ednea, para recibir beneficios del Acuerdo en virtud de este Acuerdo.<\/p>\n<\/td>\n<\/tr>\n<tr>\n<td style=\"text-align: justify\">\n<h4 style=\"text-align: left\"><strong><span style=\"font-size: 16px\">excluirse del acuerdo<\/span><\/strong><\/h4>\n<p style=\"text-align: left\"><span style=\"color: #ff0000\">deadline passed<\/span><\/p>\n<\/td>\n<td>No recibir\u00e1 ning\u00fan beneficio, pero conservar\u00e1 cualquier reclamo legal que \npueda tener contra LifeMD.<\/td>\n<\/tr>\n<tr>\n<td style=\"text-align: justify\">\n<h4 style=\"text-align: left\"><strong><span style=\"font-size: 16px\">PRESENTAR OBJECIONES AL ACUERDO<\/span><\/strong><\/h4>\n<p style=\"text-align: left\"><span style=\"color: #ff0000\">deadline passed<\/span><\/p>\n<\/td>\n<td><span style=\"font-size: 1rem\">Puede presentar por escrito al Tribunal, a los Abogados del Colectivo y a los Abogados Defensores los motivos por los cuales usted no acepta el Acuerdo.<\/span><\/td>\n<\/tr>\n<tr>\n<td>\n<h4 style=\"text-align: justify\"><strong><span style=\"font-size: 16px\">ASISTIR A LA AUDIENCIA DE EQUIDAD<\/span><\/strong><\/h4>\n<p>30 de Septiembre de 2025 a las 9:00 a. m. PT<\/td>\n<td style=\"text-align: justify\">Si no se excluye del Acuerdo, puede pedir hacer uso de la palabra ante el Tribunal para hablar sobre la equidad del Acuerdo. No es necesario que \nasista a la audiencia para recibir beneficios del Acuerdo.<\/td>\n<\/tr>\n<tr>\n<td>\n<h4 style=\"text-align: justify\"><strong><span style=\"font-size: 16px\">No hacer nada<\/span><\/strong><\/h4>\n<p style=\"text-align: justify\">sin plazo<\/p>\n<p>&nbsp;<\/td>\n<td>\n<p style=\"text-align: justify\"><strong>Continuar con esta demanda. No obtener beneficios. Renunciar a ciertos derechos.<\/strong><\/p>\n<p style=\"text-align: justify\">Si no hace nada, no recibir\u00e1 ning\u00fan beneficio del Acuerdo. Sin embargo, usted renunciar\u00e1 a cualquier derecho a demandar a LifeMD por separado en relaci\u00f3n con los mismos reclamos legales de este litigio.<\/p>\n<\/td>\n<\/tr>\n<\/tbody>\n<\/table>\n<\/div>\n<h2>Dates and Deadlines<\/h2>\n<p style=\"text-align: left;\"><div class=\"su-row\"><div class=\"su-column su-column-size-1-4\"><div class=\"su-column-inner su-u-clearfix su-u-trim\"><div class=\"su-note\"  style=\"border-color:#00152d;border-radius:3px;-moz-border-radius:3px;-webkit-border-radius:3px;\"><div class=\"su-note-inner su-u-clearfix su-u-trim\" style=\"background-color:#012f47;border-color:#cdfbff;color:#ffffff;border-radius:3px;-moz-border-radius:3px;-webkit-border-radius:3px;\">\n<p style=\"text-align: center;\"><span style=\"font-size: 24px;\"><strong>Fecha l\u00edmite para presentar Reclamos<\/strong><\/span><\/p>\n<p style=\"text-align: center;\"><em>22 de Septiembre de 2025<\/em><\/p>\n<p style=\"text-align: left;\"><\/div><\/div><\/div><\/div><div class=\"su-column su-column-size-1-4\"><div class=\"su-column-inner su-u-clearfix su-u-trim\"><div class=\"su-note\"  style=\"border-color:#40aba9;border-radius:3px;-moz-border-radius:3px;-webkit-border-radius:3px;\"><div class=\"su-note-inner su-u-clearfix su-u-trim\" style=\"background-color:#5ac5c3;border-color:#ffffff;color:#012f47;border-radius:3px;-moz-border-radius:3px;-webkit-border-radius:3px;\">\n<p style=\"text-align: center;\"><span style=\"font-size: 24px;\"><strong>Fecha l\u00edmite para Excluirse<\/strong><\/span><\/p>\n<p style=\"text-align: center;\"><em>22 de Septiembre de 2025<\/em><\/p>\n<p style=\"text-align: left;\"><\/div><\/div><\/div><\/div><div class=\"su-column su-column-size-1-4\"><div class=\"su-column-inner su-u-clearfix su-u-trim\"><div class=\"su-note\"  style=\"border-color:#7aaf3f;border-radius:3px;-moz-border-radius:3px;-webkit-border-radius:3px;\"><div class=\"su-note-inner su-u-clearfix su-u-trim\" style=\"background-color:#94c959;border-color:#ffffff;color:#012f47;border-radius:3px;-moz-border-radius:3px;-webkit-border-radius:3px;\">\n<p style=\"text-align: center;\"><span style=\"font-size: 24px;\"><strong>Fecha l\u00edmite para presentar Objeciones<\/strong><\/span><\/p>\n<p style=\"text-align: center;\"><em>22 de Septiembre de 2025<\/em><\/p>\n<p style=\"text-align: left;\"><\/div><\/div><\/div><\/div><div class=\"su-column su-column-size-1-4\"><div class=\"su-column-inner su-u-clearfix su-u-trim\"><div class=\"su-note\"  style=\"border-color:#302f30;border-radius:3px;-moz-border-radius:3px;-webkit-border-radius:3px;\"><div class=\"su-note-inner su-u-clearfix su-u-trim\" style=\"background-color:#4a494a;border-color:#ffffff;color:#ffffff;border-radius:3px;-moz-border-radius:3px;-webkit-border-radius:3px;\">\n<p style=\"text-align: center;\"><span style=\"font-size: 24px;\"><strong>Audiencia de Equidad<\/strong><\/span><\/p>\n<p style=\"text-align: center;\"><em>A m\u00e1s tardar el 30 de Septiembre de 2025<\/em><\/p>\n<p style=\"text-align: left;\"><\/div><\/div><\/div><\/div><\/div>","protected":false},"excerpt":{"rendered":"<p>UPDATE:\u00a0On September 30, 2025, the Court entered an Order Granting Final Approval of Class Action Settlement approving the Class Action&hellip;<\/p>","protected":false},"author":3,"featured_media":0,"parent":0,"menu_order":0,"comment_status":"closed","ping_status":"closed","template":"","meta":{"footnotes":""},"class_list":["post-9","page","type-page","status-publish","hentry"],"_links":{"self":[{"href":"http:\/\/www.lifemdsettlement.com\/es\/wp-json\/wp\/v2\/pages\/9","targetHints":{"allow":["GET"]}}],"collection":[{"href":"http:\/\/www.lifemdsettlement.com\/es\/wp-json\/wp\/v2\/pages"}],"about":[{"href":"http:\/\/www.lifemdsettlement.com\/es\/wp-json\/wp\/v2\/types\/page"}],"author":[{"embeddable":true,"href":"http:\/\/www.lifemdsettlement.com\/es\/wp-json\/wp\/v2\/users\/3"}],"replies":[{"embeddable":true,"href":"http:\/\/www.lifemdsettlement.com\/es\/wp-json\/wp\/v2\/comments?post=9"}],"version-history":[{"count":0,"href":"http:\/\/www.lifemdsettlement.com\/es\/wp-json\/wp\/v2\/pages\/9\/revisions"}],"wp:attachment":[{"href":"http:\/\/www.lifemdsettlement.com\/es\/wp-json\/wp\/v2\/media?parent=9"}],"curies":[{"name":"wp","href":"https:\/\/api.w.org\/{rel}","templated":true}]}}